{"id":78,"date":"2024-04-24T12:15:04","date_gmt":"2024-04-24T10:15:04","guid":{"rendered":"https:\/\/saint-georges-sur-loire-patrimoine.fr\/?page_id=78"},"modified":"2026-02-25T16:03:47","modified_gmt":"2026-02-25T15:03:47","slug":"credits","status":"publish","type":"page","link":"https:\/\/saint-georges-sur-loire-patrimoine.fr\/index.php\/credits\/","title":{"rendered":"Cr\u00e9dits"},"content":{"rendered":"\t\t<div data-elementor-type=\"wp-page\" data-elementor-id=\"78\" class=\"elementor elementor-78\" data-elementor-settings=\"{&quot;ha_cmc_init_switcher&quot;:&quot;no&quot;}\">\n\t\t\t\t<div class=\"elementor-element elementor-element-aebc601 e-flex e-con-boxed wpr-particle-no wpr-jarallax-no wpr-parallax-no wpr-sticky-section-no wpr-equal-height-no e-con e-parent\" data-id=\"aebc601\" data-element_type=\"container\" data-e-type=\"container\" data-settings=\"{&quot;_ha_eqh_enable&quot;:false}\">\n\t\t\t\t\t<div class=\"e-con-inner\">\n\t\t\t\t<div class=\"elementor-element elementor-element-290b823 exad-sticky-section-no exad-glass-effect-no elementor-widget elementor-widget-spacer\" data-id=\"290b823\" data-element_type=\"widget\" data-e-type=\"widget\" data-widget_type=\"spacer.default\">\n\t\t\t\t<div class=\"elementor-widget-container\">\n\t\t\t\t\t\t\t<div class=\"elementor-spacer\">\n\t\t\t<div class=\"elementor-spacer-inner\"><\/div>\n\t\t<\/div>\n\t\t\t\t\t\t<\/div>\n\t\t\t\t<\/div>\n\t\t\t\t\t<\/div>\n\t\t\t\t<\/div>\n\t\t<div class=\"elementor-element elementor-element-a869c82 e-flex e-con-boxed wpr-particle-no wpr-jarallax-no wpr-parallax-no wpr-sticky-section-no wpr-equal-height-no e-con e-parent\" data-id=\"a869c82\" data-element_type=\"container\" data-e-type=\"container\" data-settings=\"{&quot;background_background&quot;:&quot;gradient&quot;,&quot;_ha_eqh_enable&quot;:false}\">\n\t\t\t\t\t<div class=\"e-con-inner\">\n\t\t\t\t<div class=\"elementor-element elementor-element-ecf9b37 elementor-widget__width-initial exad-sticky-section-no exad-glass-effect-no elementor-widget elementor-widget-image\" data-id=\"ecf9b37\" data-element_type=\"widget\" data-e-type=\"widget\" data-widget_type=\"image.default\">\n\t\t\t\t<div class=\"elementor-widget-container\">\n\t\t\t\t\t\t\t\t\t\t\t\t\t\t\t<img decoding=\"async\" src=\"https:\/\/saint-georges-sur-loire-patrimoine.fr\/wp-content\/uploads\/2024\/04\/titre-credits.png\" title=\"titre cr\u00e9dits\" alt=\"cr\u00e9dits\" loading=\"lazy\" \/>\t\t\t\t\t\t\t\t\t\t\t\t\t\t\t<\/div>\n\t\t\t\t<\/div>\n\t\t\t\t<div class=\"elementor-element elementor-element-b0870d3 exad-sticky-section-no exad-glass-effect-no elementor-widget elementor-widget-heading\" data-id=\"b0870d3\" data-element_type=\"widget\" data-e-type=\"widget\" data-widget_type=\"heading.default\">\n\t\t\t\t<div class=\"elementor-widget-container\">\n\t\t\t\t\t<h1 class=\"elementor-heading-title elementor-size-default\">Cr\u00e9dits <\/h1>\t\t\t\t<\/div>\n\t\t\t\t<\/div>\n\t\t\t\t\t<\/div>\n\t\t\t\t<\/div>\n\t\t<div class=\"elementor-element elementor-element-c0011ba e-flex e-con-boxed wpr-particle-no wpr-jarallax-no wpr-parallax-no wpr-sticky-section-no wpr-equal-height-no e-con e-parent\" data-id=\"c0011ba\" data-element_type=\"container\" data-e-type=\"container\" data-settings=\"{&quot;_ha_eqh_enable&quot;:false}\">\n\t\t\t\t\t<div class=\"e-con-inner\">\n\t\t\t\t<div class=\"elementor-element elementor-element-709a545 exad-sticky-section-no exad-glass-effect-no elementor-widget elementor-widget-spacer\" data-id=\"709a545\" data-element_type=\"widget\" data-e-type=\"widget\" data-widget_type=\"spacer.default\">\n\t\t\t\t<div class=\"elementor-widget-container\">\n\t\t\t\t\t\t\t<div class=\"elementor-spacer\">\n\t\t\t<div class=\"elementor-spacer-inner\"><\/div>\n\t\t<\/div>\n\t\t\t\t\t\t<\/div>\n\t\t\t\t<\/div>\n\t\t\t\t\t<\/div>\n\t\t\t\t<\/div>\n\t\t<div class=\"elementor-element elementor-element-bb683dc e-flex e-con-boxed wpr-particle-no wpr-jarallax-no wpr-parallax-no wpr-sticky-section-no wpr-equal-height-no e-con e-parent\" data-id=\"bb683dc\" data-element_type=\"container\" data-e-type=\"container\" data-settings=\"{&quot;background_background&quot;:&quot;classic&quot;,&quot;_ha_eqh_enable&quot;:false}\">\n\t\t\t\t\t<div class=\"e-con-inner\">\n\t\t\t\t<div class=\"elementor-element elementor-element-3db1059 elementor-widget__width-initial exad-sticky-section-no exad-glass-effect-no elementor-widget elementor-widget-text-editor\" data-id=\"3db1059\" data-element_type=\"widget\" data-e-type=\"widget\" data-widget_type=\"text-editor.default\">\n\t\t\t\t<div class=\"elementor-widget-container\">\n\t\t\t\t\t\t\t\t\t<p><span data-ogsc=\"rgb(0, 0, 0)\">Ce site n\u2019aurait pu voir le jour sans les contributions des membres du groupe Beausite et leurs \u00e9crits parus notamment dans les publications de l\u2019association HCLM.<\/span><\/p><p><span data-ogsc=\"rgb(0, 0, 0)\">La commune remercie tout particuli\u00e8rement\u00a0<\/span><span style=\"letter-spacing: 0.4px; color: var( --e-global-color-accent ); font-family: var( --e-global-typography-secondary-font-family ), Sans-serif; font-size: var( --e-global-typography-secondary-font-size ); font-weight: var( --e-global-typography-secondary-font-weight ); text-align: var(--text-align); background-color: var( --e-global-color-primary );\">Fran\u00e7oise Capelle,<\/span><span style=\"letter-spacing: 0.4px; color: var( --e-global-color-accent ); font-family: var( --e-global-typography-secondary-font-family ), Sans-serif; font-size: var( --e-global-typography-secondary-font-size ); font-weight: var( --e-global-typography-secondary-font-weight ); text-align: var(--text-align); background-color: var( --e-global-color-primary );\">\u00a0<\/span><span style=\"letter-spacing: 0.4px; color: var( --e-global-color-accent ); font-family: var( --e-global-typography-secondary-font-family ), Sans-serif; font-size: var( --e-global-typography-secondary-font-size ); font-weight: var( --e-global-typography-secondary-font-weight ); text-align: var(--text-align); background-color: var( --e-global-color-primary );\">Denis Mercier,\u00a0<\/span><span style=\"background-color: var( --e-global-color-primary ); color: var( --e-global-color-accent ); font-family: var( --e-global-typography-secondary-font-family ), Sans-serif; font-size: inherit; font-weight: var( --e-global-typography-secondary-font-weight ); letter-spacing: var( --e-global-typography-secondary-letter-spacing ); text-align: inherit;\">Alain Cadic,\u00a0<\/span><span style=\"letter-spacing: 0.4px; color: var( --e-global-color-accent ); font-family: var( --e-global-typography-secondary-font-family ), Sans-serif; font-size: var( --e-global-typography-secondary-font-size ); font-weight: var( --e-global-typography-secondary-font-weight ); text-align: var(--text-align); background-color: var( --e-global-color-primary );\">Nathalie Renou,\u00a0<\/span><span style=\"background-color: var( --e-global-color-primary ); color: var( --e-global-color-accent ); font-family: var( --e-global-typography-secondary-font-family ), Sans-serif; font-size: inherit; font-weight: var( --e-global-typography-secondary-font-weight ); letter-spacing: var( --e-global-typography-secondary-letter-spacing ); text-align: inherit;\">Jacqueline Lacrouts, Jacques Tusseau, Gilles Guitton,\u00a0 Michel Supiot, Marie-Odile Gendry et Joseph Joly ainsi que les Archives d\u00e9partementales.<\/span><\/p><p><strong>Beausite<\/strong><\/p><p><span data-ogsc=\"rgb(0, 0, 0)\">Beausite n\u2019est pas une association, c\u2019est le rassemblement de saint-georgeois qui souhaitent participer \u00e0 la d\u00e9couverte du patrimoine historique et de l\u2019histoire de la commune. La plupart des membres de ce groupe font partie de l\u2019association HCLM. Leurs activit\u00e9s sont diverses\u00a0: Recherches historiques dans divers sites d\u2019archivage, r\u00e9daction d\u2019articles pour les publications communales ou pour le bulletin de l\u2019association HCLM. Ils participent \u00e9galement chaque ann\u00e9e \u00e0 l\u2019animation de visites estivales, de conf\u00e9rences et bien s\u00fbr aux journ\u00e9es du Patrimoine.<\/span><\/p>\t\t\t\t\t\t\t\t<\/div>\n\t\t\t\t<\/div>\n\t\t\t\t<div class=\"elementor-element elementor-element-7a1ed68 exad-sticky-section-no exad-glass-effect-no elementor-widget elementor-widget-image\" data-id=\"7a1ed68\" data-element_type=\"widget\" data-e-type=\"widget\" data-widget_type=\"image.default\">\n\t\t\t\t<div class=\"elementor-widget-container\">\n\t\t\t\t\t\t\t\t\t\t\t\t\t\t\t<img fetchpriority=\"high\" decoding=\"async\" width=\"300\" height=\"225\" src=\"https:\/\/saint-georges-sur-loire-patrimoine.fr\/wp-content\/uploads\/2024\/06\/groupe-beausite-300x225.jpg\" class=\"attachment-medium size-medium wp-image-4613\" alt=\"le groupe beausite\" srcset=\"https:\/\/saint-georges-sur-loire-patrimoine.fr\/wp-content\/uploads\/2024\/06\/groupe-beausite-300x225.jpg 300w, https:\/\/saint-georges-sur-loire-patrimoine.fr\/wp-content\/uploads\/2024\/06\/groupe-beausite-1024x768.jpg 1024w, https:\/\/saint-georges-sur-loire-patrimoine.fr\/wp-content\/uploads\/2024\/06\/groupe-beausite-768x576.jpg 768w, https:\/\/saint-georges-sur-loire-patrimoine.fr\/wp-content\/uploads\/2024\/06\/groupe-beausite-1536x1152.jpg 1536w, https:\/\/saint-georges-sur-loire-patrimoine.fr\/wp-content\/uploads\/2024\/06\/groupe-beausite-2048x1536.jpg 2048w, https:\/\/saint-georges-sur-loire-patrimoine.fr\/wp-content\/uploads\/2024\/06\/groupe-beausite-1200x900.jpg 1200w, https:\/\/saint-georges-sur-loire-patrimoine.fr\/wp-content\/uploads\/2024\/06\/groupe-beausite-1980x1485.jpg 1980w\" sizes=\"(max-width: 300px) 100vw, 300px\" \/>\t\t\t\t\t\t\t\t\t\t\t\t\t\t\t<\/div>\n\t\t\t\t<\/div>\n\t\t\t\t<div class=\"elementor-element elementor-element-b75f25b elementor-widget__width-initial exad-sticky-section-no exad-glass-effect-no elementor-widget elementor-widget-text-editor\" data-id=\"b75f25b\" data-element_type=\"widget\" data-e-type=\"widget\" data-widget_type=\"text-editor.default\">\n\t\t\t\t<div class=\"elementor-widget-container\">\n\t\t\t\t\t\t\t\t\t<p><strong>HCLM<\/strong><\/p><p>L\u2019association HCLM (Histoire des\u00a0Coteaux de\u00a0Loire et de\u00a0Maine) a \u00e9t\u00e9 cr\u00e9\u00e9e\u00a0en 1983 avec pour objectifs d\u2019\u0153uvrer \u00e0 l\u2019inventaire et \u00e0 la sauvegarde du patrimoine des 8 communes\u00a0dont sont originaires ses membres : B\u00e9con-les-Granits, B\u00e9huard, Bouchemaine, Chalonnes-sur-Loire, La Possonni\u00e8re, Saint-Georges-sur-Loire, Saint-Martin-du-Fouilloux &amp; Savenni\u00e8res.\u00a0Dans chacune d\u2019elles des passionn\u00e9s parcourent les archives municipales ou d\u00e9partementales ainsi que d\u2019autres sources d\u2019informations fiables pour retracer l\u2019histoire de leur village, de ses habitants et de ses monuments. L\u2019association publie un bulletin biannuel richement illustr\u00e9 ainsi que plusieurs ouvrages. Elle participe \u00e9galement \u00e0 des \u00e9v\u00e9nements afin de mettre en valeur ce patrimoine et de contribuer \u00e0 sa protection. Contacts\u00a0:\u00a0<u><a href=\"mailto:49hclm@gmail.com\" data-loopstyle=\"linkonly\" data-linkindex=\"0\" data-ogsc=\"blue\">49hclm@gmail.com<\/a><\/u><\/p><p>Lien vers le site internet de l&rsquo;association\u00a0 :<u>\u00a0<a href=\"https:\/\/hclm49.fr\">https:\/\/hclm49.fr<\/a><\/u><\/p>\t\t\t\t\t\t\t\t<\/div>\n\t\t\t\t<\/div>\n\t\t\t\t<div class=\"elementor-element elementor-element-205f1b9 exad-sticky-section-no exad-glass-effect-no elementor-widget elementor-widget-image\" data-id=\"205f1b9\" data-element_type=\"widget\" data-e-type=\"widget\" data-widget_type=\"image.default\">\n\t\t\t\t<div class=\"elementor-widget-container\">\n\t\t\t\t\t\t\t\t\t\t\t\t\t\t\t<img decoding=\"async\" width=\"172\" height=\"172\" src=\"https:\/\/saint-georges-sur-loire-patrimoine.fr\/wp-content\/uploads\/2024\/06\/HCLM.jpg\" class=\"attachment-large size-large wp-image-4619\" alt=\"logo de l&#039;association HCLM\" srcset=\"https:\/\/saint-georges-sur-loire-patrimoine.fr\/wp-content\/uploads\/2024\/06\/HCLM.jpg 172w, https:\/\/saint-georges-sur-loire-patrimoine.fr\/wp-content\/uploads\/2024\/06\/HCLM-150x150.jpg 150w\" sizes=\"(max-width: 172px) 100vw, 172px\" \/>\t\t\t\t\t\t\t\t\t\t\t\t\t\t\t<\/div>\n\t\t\t\t<\/div>\n\t\t\t\t<div class=\"elementor-element elementor-element-9e1b401 elementor-widget__width-initial exad-sticky-section-no exad-glass-effect-no elementor-widget elementor-widget-text-editor\" data-id=\"9e1b401\" data-element_type=\"widget\" data-e-type=\"widget\" data-widget_type=\"text-editor.default\">\n\t\t\t\t<div class=\"elementor-widget-container\">\n\t\t\t\t\t\t\t\t\t<p><strong>Archives d\u00e9partementales de Maine-et-Loire<br \/><\/strong><\/p><p>De nombreuses photographies et documents proviennent du fonds des archives d\u00e9partementales sans qui les recherches qui ont permis l&rsquo;existence de ce site n&rsquo;auraient pu aboutir.<\/p><p><span style=\"text-decoration: underline;\"><a href=\"https:\/\/archives.maine-et-loire.fr\/\">https:\/\/archives.maine-et-loire.fr\/<\/a><\/span><\/p>\t\t\t\t\t\t\t\t<\/div>\n\t\t\t\t<\/div>\n\t\t\t\t\t<\/div>\n\t\t\t\t<\/div>\n\t\t\t\t<\/div>\n\t\t","protected":false},"excerpt":{"rendered":"<p>Cr\u00e9dits Ce site n\u2019aurait pu voir le jour sans les contributions des membres du groupe Beausite et leurs \u00e9crits parus notamment dans les publications de l\u2019association HCLM. La commune remercie tout particuli\u00e8rement\u00a0Fran\u00e7oise Capelle,\u00a0Denis Mercier,\u00a0Alain Cadic,\u00a0Nathalie Renou,\u00a0Jacqueline Lacrouts, Jacques Tusseau, Gilles Guitton,\u00a0 Michel Supiot, Marie-Odile Gendry et Joseph Joly ainsi que les Archives d\u00e9partementales. Beausite Beausite n\u2019est pas une association, c\u2019est le rassemblement de saint-georgeois qui souhaitent participer \u00e0 la d\u00e9couverte du patrimoine historique et de l\u2019histoire de la commune. La plupart des membres de ce groupe font partie de l\u2019association HCLM. Leurs activit\u00e9s sont diverses\u00a0: Recherches historiques dans divers sites d\u2019archivage, r\u00e9daction d\u2019articles pour les publications communales ou pour le bulletin de l\u2019association HCLM. Ils participent \u00e9galement chaque ann\u00e9e \u00e0 l\u2019animation de visites estivales, de conf\u00e9rences et bien s\u00fbr aux journ\u00e9es du Patrimoine. HCLM L\u2019association HCLM (Histoire des\u00a0Coteaux de\u00a0Loire et de\u00a0Maine) a \u00e9t\u00e9 cr\u00e9\u00e9e\u00a0en 1983 avec pour objectifs d\u2019\u0153uvrer \u00e0 l\u2019inventaire et \u00e0 la sauvegarde du patrimoine des 8 communes\u00a0dont sont originaires ses membres : B\u00e9con-les-Granits, B\u00e9huard, Bouchemaine, Chalonnes-sur-Loire, La Possonni\u00e8re, Saint-Georges-sur-Loire, Saint-Martin-du-Fouilloux &amp; Savenni\u00e8res.\u00a0Dans chacune d\u2019elles des passionn\u00e9s parcourent les archives municipales ou d\u00e9partementales ainsi que d\u2019autres sources d\u2019informations fiables pour retracer l\u2019histoire de leur village, de ses habitants et de ses monuments. L\u2019association publie un bulletin biannuel richement illustr\u00e9 ainsi que plusieurs ouvrages. Elle participe \u00e9galement \u00e0 des \u00e9v\u00e9nements afin de mettre en valeur ce patrimoine et de contribuer \u00e0 sa protection. Contacts\u00a0:\u00a049hclm@gmail.com Lien vers le site internet de l&rsquo;association\u00a0 :\u00a0https:\/\/hclm49.fr Archives d\u00e9partementales de Maine-et-Loire De nombreuses photographies et documents proviennent du fonds des archives d\u00e9partementales sans qui les recherches qui ont permis l&rsquo;existence de ce site n&rsquo;auraient pu aboutir. https:\/\/archives.maine-et-loire.fr\/<\/p>\n","protected":false},"author":1,"featured_media":0,"parent":0,"menu_order":0,"comment_status":"closed","ping_status":"closed","template":"elementor_canvas","meta":{"_seopress_robots_primary_cat":"","_seopress_titles_title":"Cr\u00e9dits - St Georges sur Loire Patrimoine","_seopress_titles_desc":"Remerciement au groupe Beausite, \u00e0 l'association HCLM et aux archives d\u00e9partementales pour leur pr\u00e9cieuse aide","_seopress_robots_index":"","_monsterinsights_skip_tracking":false,"_monsterinsights_sitenote_active":false,"_monsterinsights_sitenote_note":"","_monsterinsights_sitenote_category":0,"postBodyCss":"","postBodyMargin":[],"postBodyPadding":[],"postBodyBackground":{"backgroundType":"classic","gradient":""},"footnotes":""},"class_list":["post-78","page","type-page","status-publish","hentry"],"_links":{"self":[{"href":"https:\/\/saint-georges-sur-loire-patrimoine.fr\/index.php\/wp-json\/wp\/v2\/pages\/78","targetHints":{"allow":["GET"]}}],"collection":[{"href":"https:\/\/saint-georges-sur-loire-patrimoine.fr\/index.php\/wp-json\/wp\/v2\/pages"}],"about":[{"href":"https:\/\/saint-georges-sur-loire-patrimoine.fr\/index.php\/wp-json\/wp\/v2\/types\/page"}],"author":[{"embeddable":true,"href":"https:\/\/saint-georges-sur-loire-patrimoine.fr\/index.php\/wp-json\/wp\/v2\/users\/1"}],"replies":[{"embeddable":true,"href":"https:\/\/saint-georges-sur-loire-patrimoine.fr\/index.php\/wp-json\/wp\/v2\/comments?post=78"}],"version-history":[{"count":52,"href":"https:\/\/saint-georges-sur-loire-patrimoine.fr\/index.php\/wp-json\/wp\/v2\/pages\/78\/revisions"}],"predecessor-version":[{"id":13839,"href":"https:\/\/saint-georges-sur-loire-patrimoine.fr\/index.php\/wp-json\/wp\/v2\/pages\/78\/revisions\/13839"}],"wp:attachment":[{"href":"https:\/\/saint-georges-sur-loire-patrimoine.fr\/index.php\/wp-json\/wp\/v2\/media?parent=78"}],"curies":[{"name":"wp","href":"https:\/\/api.w.org\/{rel}","templated":true}]}}